{"id":832,"date":"2023-02-14T13:27:39","date_gmt":"2023-02-14T12:27:39","guid":{"rendered":"https:\/\/nomadly.camp\/?page_id=832"},"modified":"2024-01-18T21:54:37","modified_gmt":"2024-01-18T20:54:37","slug":"options","status":"publish","type":"page","link":"https:\/\/nomadly.camp\/index.php\/options\/","title":{"rendered":"Options"},"content":{"rendered":"\t\t<div data-elementor-type=\"wp-page\" data-elementor-id=\"832\" class=\"elementor elementor-832\">\n\t\t\t\t\t\t<section class=\"elementor-section elementor-top-section elementor-element elementor-element-577b9b21 elementor-section-boxed elementor-section-height-default elementor-section-height-default\" data-id=\"577b9b21\" data-element_type=\"section\" data-e-type=\"section\">\n\t\t\t\t\t\t<div class=\"elementor-container elementor-column-gap-default\">\n\t\t\t\t\t<div class=\"elementor-column elementor-col-100 elementor-top-column elementor-element elementor-element-580245ad\" data-id=\"580245ad\" data-element_type=\"column\" data-e-type=\"column\">\n\t\t\t<div class=\"elementor-widget-wrap elementor-element-populated\">\n\t\t\t\t\t\t<div class=\"elementor-element elementor-element-9d8dc09 elementor-widget elementor-widget-spacer\" data-id=\"9d8dc09\" data-element_type=\"widget\" data-e-type=\"widget\" data-widget_type=\"spacer.default\">\n\t\t\t\t<div class=\"elementor-widget-container\">\n\t\t\t\t\t\t\t<div class=\"elementor-spacer\">\n\t\t\t<div class=\"elementor-spacer-inner\"><\/div>\n\t\t<\/div>\n\t\t\t\t\t\t<\/div>\n\t\t\t\t<\/div>\n\t\t\t\t<div class=\"elementor-element elementor-element-0120078 elementor-position-right elementor-vertical-align-top elementor-widget elementor-widget-image-box\" data-id=\"0120078\" data-element_type=\"widget\" data-e-type=\"widget\" data-widget_type=\"image-box.default\">\n\t\t\t\t<div class=\"elementor-widget-container\">\n\t\t\t\t\t<div class=\"elementor-image-box-wrapper\"><figure class=\"elementor-image-box-img\"><img fetchpriority=\"high\" decoding=\"async\" data-attachment-id=\"860\" data-permalink=\"https:\/\/nomadly.camp\/index.php\/options\/antares-plus\/\" data-orig-file=\"https:\/\/i0.wp.com\/nomadly.camp\/wp-content\/uploads\/2023\/02\/antares-plus.jpg?fit=600%2C450&amp;ssl=1\" data-orig-size=\"600,450\" data-comments-opened=\"1\" data-image-meta=\"{&quot;aperture&quot;:&quot;0&quot;,&quot;credit&quot;:&quot;&quot;,&quot;camera&quot;:&quot;&quot;,&quot;caption&quot;:&quot;&quot;,&quot;created_timestamp&quot;:&quot;0&quot;,&quot;copyright&quot;:&quot;&quot;,&quot;focal_length&quot;:&quot;0&quot;,&quot;iso&quot;:&quot;0&quot;,&quot;shutter_speed&quot;:&quot;0&quot;,&quot;title&quot;:&quot;&quot;,&quot;orientation&quot;:&quot;0&quot;}\" data-image-title=\"antares plus\" data-image-description=\"\" data-image-caption=\"\" data-large-file=\"https:\/\/i0.wp.com\/nomadly.camp\/wp-content\/uploads\/2023\/02\/antares-plus.jpg?fit=600%2C450&amp;ssl=1\" width=\"300\" height=\"225\" src=\"https:\/\/i0.wp.com\/nomadly.camp\/wp-content\/uploads\/2023\/02\/antares-plus.jpg?fit=300%2C225&amp;ssl=1\" class=\"attachment-medium size-medium wp-image-860\" alt=\"\" data-attachment-id=\"860\" data-permalink=\"https:\/\/nomadly.camp\/index.php\/options\/antares-plus\/\" data-orig-file=\"https:\/\/i0.wp.com\/nomadly.camp\/wp-content\/uploads\/2023\/02\/antares-plus.jpg?fit=600%2C450&amp;ssl=1\" data-orig-size=\"600,450\" data-comments-opened=\"1\" data-image-meta=\"{&quot;aperture&quot;:&quot;0&quot;,&quot;credit&quot;:&quot;&quot;,&quot;camera&quot;:&quot;&quot;,&quot;caption&quot;:&quot;&quot;,&quot;created_timestamp&quot;:&quot;0&quot;,&quot;copyright&quot;:&quot;&quot;,&quot;focal_length&quot;:&quot;0&quot;,&quot;iso&quot;:&quot;0&quot;,&quot;shutter_speed&quot;:&quot;0&quot;,&quot;title&quot;:&quot;&quot;,&quot;orientation&quot;:&quot;0&quot;}\" data-image-title=\"antares plus\" data-image-description=\"\" data-image-caption=\"\" data-large-file=\"https:\/\/i0.wp.com\/nomadly.camp\/wp-content\/uploads\/2023\/02\/antares-plus.jpg?fit=600%2C450&amp;ssl=1\" srcset=\"https:\/\/i0.wp.com\/nomadly.camp\/wp-content\/uploads\/2023\/02\/antares-plus.jpg?w=600&amp;ssl=1 600w, https:\/\/i0.wp.com\/nomadly.camp\/wp-content\/uploads\/2023\/02\/antares-plus.jpg?resize=300%2C225&amp;ssl=1 300w\" sizes=\"(max-width: 300px) 100vw, 300px\" \/><\/figure><div class=\"elementor-image-box-content\"><h3 class=\"elementor-image-box-title\">Porte-v\u00e9lo<\/h3><p class=\"elementor-image-box-description\">Compact et l\u00e9ger, Antares Plus est le nouveau porte-v\u00e9los avec boule de remorquage pliable, syst\u00e8me de fermeture rapide et rails en aluminium, fabriqu\u00e9 avec une structure en acier tr\u00e8s robuste et large rails en aluminium. Il est id\u00e9al pour v\u00e9los \u00e9lectriques et Fat Bikes et est \u00e9quip\u00e9 d\u2019un syst\u00e8me de basculement avec contr\u00f4le \u00e0 p\u00e9dale et double dispositif antivol pour le porte-v\u00e9los ainsi que les v\u00e9los.\n\nCon\u00e7u pour: 3 v\u00e9los d'une charge utile maximale de 60 kg.<\/p><\/div><\/div>\t\t\t\t<\/div>\n\t\t\t\t<\/div>\n\t\t\t\t<div class=\"elementor-element elementor-element-60b4a4a elementor-widget elementor-widget-spacer\" data-id=\"60b4a4a\" data-element_type=\"widget\" data-e-type=\"widget\" data-widget_type=\"spacer.default\">\n\t\t\t\t<div class=\"elementor-widget-container\">\n\t\t\t\t\t\t\t<div class=\"elementor-spacer\">\n\t\t\t<div class=\"elementor-spacer-inner\"><\/div>\n\t\t<\/div>\n\t\t\t\t\t\t<\/div>\n\t\t\t\t<\/div>\n\t\t\t\t<div class=\"elementor-element elementor-element-c10cf11 elementor-position-left elementor-vertical-align-top elementor-widget elementor-widget-image-box\" data-id=\"c10cf11\" data-element_type=\"widget\" data-e-type=\"widget\" data-widget_type=\"image-box.default\">\n\t\t\t\t<div class=\"elementor-widget-container\">\n\t\t\t\t\t<div class=\"elementor-image-box-wrapper\"><figure class=\"elementor-image-box-img\"><img decoding=\"async\" data-attachment-id=\"868\" data-permalink=\"https:\/\/nomadly.camp\/index.php\/options\/bbq-gaz-2\/\" data-orig-file=\"https:\/\/i0.wp.com\/nomadly.camp\/wp-content\/uploads\/2023\/02\/BBQ-Gaz.jpg?fit=1500%2C1500&amp;ssl=1\" data-orig-size=\"1500,1500\" data-comments-opened=\"1\" data-image-meta=\"{&quot;aperture&quot;:&quot;0&quot;,&quot;credit&quot;:&quot;&quot;,&quot;camera&quot;:&quot;&quot;,&quot;caption&quot;:&quot;&quot;,&quot;created_timestamp&quot;:&quot;0&quot;,&quot;copyright&quot;:&quot;&quot;,&quot;focal_length&quot;:&quot;0&quot;,&quot;iso&quot;:&quot;0&quot;,&quot;shutter_speed&quot;:&quot;0&quot;,&quot;title&quot;:&quot;&quot;,&quot;orientation&quot;:&quot;0&quot;}\" data-image-title=\"BBQ Gaz\" data-image-description=\"\" data-image-caption=\"\" data-large-file=\"https:\/\/i0.wp.com\/nomadly.camp\/wp-content\/uploads\/2023\/02\/BBQ-Gaz.jpg?fit=844%2C844&amp;ssl=1\" width=\"1500\" height=\"1500\" src=\"https:\/\/i0.wp.com\/nomadly.camp\/wp-content\/uploads\/2023\/02\/BBQ-Gaz.jpg?fit=1500%2C1500&amp;ssl=1\" class=\"attachment-full size-full wp-image-868\" alt=\"\" data-attachment-id=\"868\" data-permalink=\"https:\/\/nomadly.camp\/index.php\/options\/bbq-gaz-2\/\" data-orig-file=\"https:\/\/i0.wp.com\/nomadly.camp\/wp-content\/uploads\/2023\/02\/BBQ-Gaz.jpg?fit=1500%2C1500&amp;ssl=1\" data-orig-size=\"1500,1500\" data-comments-opened=\"1\" data-image-meta=\"{&quot;aperture&quot;:&quot;0&quot;,&quot;credit&quot;:&quot;&quot;,&quot;camera&quot;:&quot;&quot;,&quot;caption&quot;:&quot;&quot;,&quot;created_timestamp&quot;:&quot;0&quot;,&quot;copyright&quot;:&quot;&quot;,&quot;focal_length&quot;:&quot;0&quot;,&quot;iso&quot;:&quot;0&quot;,&quot;shutter_speed&quot;:&quot;0&quot;,&quot;title&quot;:&quot;&quot;,&quot;orientation&quot;:&quot;0&quot;}\" data-image-title=\"BBQ Gaz\" data-image-description=\"\" data-image-caption=\"\" data-large-file=\"https:\/\/i0.wp.com\/nomadly.camp\/wp-content\/uploads\/2023\/02\/BBQ-Gaz.jpg?fit=844%2C844&amp;ssl=1\" srcset=\"https:\/\/i0.wp.com\/nomadly.camp\/wp-content\/uploads\/2023\/02\/BBQ-Gaz.jpg?w=1500&amp;ssl=1 1500w, https:\/\/i0.wp.com\/nomadly.camp\/wp-content\/uploads\/2023\/02\/BBQ-Gaz.jpg?resize=300%2C300&amp;ssl=1 300w, https:\/\/i0.wp.com\/nomadly.camp\/wp-content\/uploads\/2023\/02\/BBQ-Gaz.jpg?resize=1024%2C1024&amp;ssl=1 1024w, https:\/\/i0.wp.com\/nomadly.camp\/wp-content\/uploads\/2023\/02\/BBQ-Gaz.jpg?resize=150%2C150&amp;ssl=1 150w, https:\/\/i0.wp.com\/nomadly.camp\/wp-content\/uploads\/2023\/02\/BBQ-Gaz.jpg?resize=768%2C768&amp;ssl=1 768w, https:\/\/i0.wp.com\/nomadly.camp\/wp-content\/uploads\/2023\/02\/BBQ-Gaz.jpg?resize=891%2C891&amp;ssl=1 891w, https:\/\/i0.wp.com\/nomadly.camp\/wp-content\/uploads\/2023\/02\/BBQ-Gaz.jpg?resize=1320%2C1320&amp;ssl=1 1320w\" sizes=\"(max-width: 844px) 100vw, 844px\" \/><\/figure><div class=\"elementor-image-box-content\"><h3 class=\"elementor-image-box-title\">BBQ au gaz<\/h3><p class=\"elementor-image-box-description\">Id\u00e9al pour les grillades en plein air et la cuisson au centre de la table. Allumage pi\u00e9zo int\u00e9gr\u00e9, syst\u00e8me de s\u00e9curit\u00e9 avec d\u00e9clenchement automatique de la cartouche, puissance r\u00e9glable, grille en aluminium (27 X 34 CM) avec rev\u00eatement anti-adh\u00e9sif, bac de r\u00e9cup\u00e9ration des graisses amovible, sac de transport pratique. <\/p><\/div><\/div>\t\t\t\t<\/div>\n\t\t\t\t<\/div>\n\t\t\t\t<div class=\"elementor-element elementor-element-fe722aa elementor-position-right elementor-vertical-align-top elementor-widget elementor-widget-image-box\" data-id=\"fe722aa\" data-element_type=\"widget\" data-e-type=\"widget\" data-widget_type=\"image-box.default\">\n\t\t\t\t<div class=\"elementor-widget-container\">\n\t\t\t\t\t<div class=\"elementor-image-box-wrapper\"><figure class=\"elementor-image-box-img\"><img decoding=\"async\" data-attachment-id=\"869\" data-permalink=\"https:\/\/nomadly.camp\/index.php\/options\/petit-dej\/\" data-orig-file=\"https:\/\/i0.wp.com\/nomadly.camp\/wp-content\/uploads\/2023\/02\/petit-dej.jpg?fit=800%2C533&amp;ssl=1\" data-orig-size=\"800,533\" data-comments-opened=\"1\" data-image-meta=\"{&quot;aperture&quot;:&quot;0&quot;,&quot;credit&quot;:&quot;&quot;,&quot;camera&quot;:&quot;&quot;,&quot;caption&quot;:&quot;&quot;,&quot;created_timestamp&quot;:&quot;0&quot;,&quot;copyright&quot;:&quot;&quot;,&quot;focal_length&quot;:&quot;0&quot;,&quot;iso&quot;:&quot;0&quot;,&quot;shutter_speed&quot;:&quot;0&quot;,&quot;title&quot;:&quot;&quot;,&quot;orientation&quot;:&quot;0&quot;}\" data-image-title=\"petit dej\" data-image-description=\"\" data-image-caption=\"\" data-large-file=\"https:\/\/i0.wp.com\/nomadly.camp\/wp-content\/uploads\/2023\/02\/petit-dej.jpg?fit=800%2C533&amp;ssl=1\" width=\"800\" height=\"533\" src=\"https:\/\/i0.wp.com\/nomadly.camp\/wp-content\/uploads\/2023\/02\/petit-dej.jpg?fit=800%2C533&amp;ssl=1\" class=\"attachment-full size-full wp-image-869\" alt=\"\" data-attachment-id=\"869\" data-permalink=\"https:\/\/nomadly.camp\/index.php\/options\/petit-dej\/\" data-orig-file=\"https:\/\/i0.wp.com\/nomadly.camp\/wp-content\/uploads\/2023\/02\/petit-dej.jpg?fit=800%2C533&amp;ssl=1\" data-orig-size=\"800,533\" data-comments-opened=\"1\" data-image-meta=\"{&quot;aperture&quot;:&quot;0&quot;,&quot;credit&quot;:&quot;&quot;,&quot;camera&quot;:&quot;&quot;,&quot;caption&quot;:&quot;&quot;,&quot;created_timestamp&quot;:&quot;0&quot;,&quot;copyright&quot;:&quot;&quot;,&quot;focal_length&quot;:&quot;0&quot;,&quot;iso&quot;:&quot;0&quot;,&quot;shutter_speed&quot;:&quot;0&quot;,&quot;title&quot;:&quot;&quot;,&quot;orientation&quot;:&quot;0&quot;}\" data-image-title=\"petit dej\" data-image-description=\"\" data-image-caption=\"\" data-large-file=\"https:\/\/i0.wp.com\/nomadly.camp\/wp-content\/uploads\/2023\/02\/petit-dej.jpg?fit=800%2C533&amp;ssl=1\" srcset=\"https:\/\/i0.wp.com\/nomadly.camp\/wp-content\/uploads\/2023\/02\/petit-dej.jpg?w=800&amp;ssl=1 800w, https:\/\/i0.wp.com\/nomadly.camp\/wp-content\/uploads\/2023\/02\/petit-dej.jpg?resize=300%2C200&amp;ssl=1 300w, https:\/\/i0.wp.com\/nomadly.camp\/wp-content\/uploads\/2023\/02\/petit-dej.jpg?resize=768%2C512&amp;ssl=1 768w\" sizes=\"(max-width: 800px) 100vw, 800px\" \/><\/figure><div class=\"elementor-image-box-content\"><h3 class=\"elementor-image-box-title\">Kit petit-d\u00e9jeuner<\/h3><p class=\"elementor-image-box-description\">Pain, beurre, confiture, choco, sirop, miel, fromage, jambon, oeufs, yaourt, fruits, jus de fruits, th\u00e9, caf\u00e9.<\/p><\/div><\/div>\t\t\t\t<\/div>\n\t\t\t\t<\/div>\n\t\t\t\t<div class=\"elementor-element elementor-element-f4ef239 elementor-position-left elementor-vertical-align-top elementor-widget elementor-widget-image-box\" data-id=\"f4ef239\" data-element_type=\"widget\" data-e-type=\"widget\" data-widget_type=\"image-box.default\">\n\t\t\t\t<div class=\"elementor-widget-container\">\n\t\t\t\t\t<div class=\"elementor-image-box-wrapper\"><figure class=\"elementor-image-box-img\"><img loading=\"lazy\" decoding=\"async\" data-attachment-id=\"874\" data-permalink=\"https:\/\/nomadly.camp\/index.php\/options\/val-dieu-mix-pack-6-2\/\" data-orig-file=\"https:\/\/i0.wp.com\/nomadly.camp\/wp-content\/uploads\/2023\/02\/val-dieu-mix-pack-6-2.jpg?fit=300%2C300&amp;ssl=1\" data-orig-size=\"300,300\" data-comments-opened=\"1\" data-image-meta=\"{&quot;aperture&quot;:&quot;10&quot;,&quot;credit&quot;:&quot;&quot;,&quot;camera&quot;:&quot;ILCE-7M2&quot;,&quot;caption&quot;:&quot;&quot;,&quot;created_timestamp&quot;:&quot;1608298489&quot;,&quot;copyright&quot;:&quot;&quot;,&quot;focal_length&quot;:&quot;33&quot;,&quot;iso&quot;:&quot;500&quot;,&quot;shutter_speed&quot;:&quot;0.01&quot;,&quot;title&quot;:&quot;&quot;,&quot;orientation&quot;:&quot;0&quot;}\" data-image-title=\"val-dieu-mix-pack-6-2\" data-image-description=\"\" data-image-caption=\"\" data-large-file=\"https:\/\/i0.wp.com\/nomadly.camp\/wp-content\/uploads\/2023\/02\/val-dieu-mix-pack-6-2.jpg?fit=300%2C300&amp;ssl=1\" width=\"300\" height=\"300\" src=\"https:\/\/i0.wp.com\/nomadly.camp\/wp-content\/uploads\/2023\/02\/val-dieu-mix-pack-6-2.jpg?fit=300%2C300&amp;ssl=1\" class=\"attachment-medium size-medium wp-image-874\" alt=\"\" data-attachment-id=\"874\" data-permalink=\"https:\/\/nomadly.camp\/index.php\/options\/val-dieu-mix-pack-6-2\/\" data-orig-file=\"https:\/\/i0.wp.com\/nomadly.camp\/wp-content\/uploads\/2023\/02\/val-dieu-mix-pack-6-2.jpg?fit=300%2C300&amp;ssl=1\" data-orig-size=\"300,300\" data-comments-opened=\"1\" data-image-meta=\"{&quot;aperture&quot;:&quot;10&quot;,&quot;credit&quot;:&quot;&quot;,&quot;camera&quot;:&quot;ILCE-7M2&quot;,&quot;caption&quot;:&quot;&quot;,&quot;created_timestamp&quot;:&quot;1608298489&quot;,&quot;copyright&quot;:&quot;&quot;,&quot;focal_length&quot;:&quot;33&quot;,&quot;iso&quot;:&quot;500&quot;,&quot;shutter_speed&quot;:&quot;0.01&quot;,&quot;title&quot;:&quot;&quot;,&quot;orientation&quot;:&quot;0&quot;}\" data-image-title=\"val-dieu-mix-pack-6-2\" data-image-description=\"\" data-image-caption=\"\" data-large-file=\"https:\/\/i0.wp.com\/nomadly.camp\/wp-content\/uploads\/2023\/02\/val-dieu-mix-pack-6-2.jpg?fit=300%2C300&amp;ssl=1\" srcset=\"https:\/\/i0.wp.com\/nomadly.camp\/wp-content\/uploads\/2023\/02\/val-dieu-mix-pack-6-2.jpg?w=300&amp;ssl=1 300w, https:\/\/i0.wp.com\/nomadly.camp\/wp-content\/uploads\/2023\/02\/val-dieu-mix-pack-6-2.jpg?resize=150%2C150&amp;ssl=1 150w\" sizes=\"(max-width: 300px) 100vw, 300px\" \/><\/figure><div class=\"elementor-image-box-content\"><h3 class=\"elementor-image-box-title\">Pack d\u00e9gustation bi\u00e8res belges<\/h3><p class=\"elementor-image-box-description\">Une bi\u00e8re \u00e0 l\u2019\u00e9preuve du temps...\n<br>\nL\u2019Abbaye cistercienne \u00abNotre-Dame du Val-Dieu\u00bb a \u00e9t\u00e9 fond\u00e9e en 1216 par des moines venus de Hocht, pr\u00e8s de Maastricht.\n<br>\nPack compos\u00e9 de 2 blondes, 2 brunes et 2 triples.<\/p><\/div><\/div>\t\t\t\t<\/div>\n\t\t\t\t<\/div>\n\t\t\t\t<div class=\"elementor-element elementor-element-668762 elementor-widget elementor-widget-text-editor\" data-id=\"668762\" data-element_type=\"widget\" data-e-type=\"widget\" data-widget_type=\"text-editor.default\">\n\t\t\t\t<div class=\"elementor-widget-container\">\n\t\t\t\t\t\t\t\t\t<p><\/p>\n<h2 class=\"wp-block-heading\"><span style=\"font-size: 1.9375rem;\">Assurance +&nbsp;<\/span><\/h2>\n<p><\/p>\n<p><\/p>\n<h2 class=\"wp-block-heading\"><span style=\"font-size: 1.9375rem;\">Si\u00e8ge auto<\/span><br><\/h2>\n<p><\/p>\n<p><\/p>\n<h2 class=\"wp-block-heading\">Paire de cha\u00eenes hiver<\/h2>\n<p><\/p>\t\t\t\t\t\t\t\t<\/div>\n\t\t\t\t<\/div>\n\t\t\t\t\t<\/div>\n\t\t<\/div>\n\t\t\t\t\t<\/div>\n\t\t<\/section>\n\t\t\t\t<\/div>\n\t\t","protected":false},"excerpt":{"rendered":"<p>Porte-v\u00e9lo Compact et l\u00e9ger, Antares Plus est le nouveau porte-v\u00e9los avec boule de remorquage pliable, syst\u00e8me de fermeture rapide et rails en aluminium, fabriqu\u00e9 avec une structure en acier tr\u00e8s robuste et large rails en aluminium. Il est id\u00e9al pour v\u00e9los \u00e9lectriques et Fat Bikes et est \u00e9quip\u00e9 d\u2019un syst\u00e8me de basculement avec contr\u00f4le \u00e0 [&hellip;]<\/p>\n","protected":false},"author":1,"featured_media":881,"parent":0,"menu_order":9,"comment_status":"closed","ping_status":"closed","template":"","meta":{"om_disable_all_campaigns":false,"inline_featured_image":false,"_monsterinsights_skip_tracking":false,"_monsterinsights_sitenote_active":false,"_monsterinsights_sitenote_note":"","_monsterinsights_sitenote_category":0,"footnotes":""},"class_list":["post-832","page","type-page","status-publish","has-post-thumbnail","hentry"],"aioseo_notices":[],"jetpack_sharing_enabled":true,"jetpack_likes_enabled":true,"jetpack_shortlink":"https:\/\/wp.me\/Pespw4-dq","_links":{"self":[{"href":"https:\/\/nomadly.camp\/index.php\/wp-json\/wp\/v2\/pages\/832","targetHints":{"allow":["GET"]}}],"collection":[{"href":"https:\/\/nomadly.camp\/index.php\/wp-json\/wp\/v2\/pages"}],"about":[{"href":"https:\/\/nomadly.camp\/index.php\/wp-json\/wp\/v2\/types\/page"}],"author":[{"embeddable":true,"href":"https:\/\/nomadly.camp\/index.php\/wp-json\/wp\/v2\/users\/1"}],"replies":[{"embeddable":true,"href":"https:\/\/nomadly.camp\/index.php\/wp-json\/wp\/v2\/comments?post=832"}],"version-history":[{"count":40,"href":"https:\/\/nomadly.camp\/index.php\/wp-json\/wp\/v2\/pages\/832\/revisions"}],"predecessor-version":[{"id":1593,"href":"https:\/\/nomadly.camp\/index.php\/wp-json\/wp\/v2\/pages\/832\/revisions\/1593"}],"wp:featuredmedia":[{"embeddable":true,"href":"https:\/\/nomadly.camp\/index.php\/wp-json\/wp\/v2\/media\/881"}],"wp:attachment":[{"href":"https:\/\/nomadly.camp\/index.php\/wp-json\/wp\/v2\/media?parent=832"}],"curies":[{"name":"wp","href":"https:\/\/api.w.org\/{rel}","templated":true}]}}